{"id":17132,"date":"2021-01-04T15:24:28","date_gmt":"2021-01-04T15:24:28","guid":{"rendered":"https:\/\/www.urbantz.com\/product-demo\/"},"modified":"2023-01-23T07:37:44","modified_gmt":"2023-01-23T07:37:44","slug":"demo","status":"publish","type":"page","link":"https:\/\/urbantz.com\/es\/demo\/","title":{"rendered":"Demostraci\u00f3n de producto"},"content":{"rendered":"<h1 style=\"font-weight: bold;\">Solicita una demostraci\u00f3n en vivo<br \/>\nde la plataforma <strong style=\"font-weight: bold; color: #00bed6;\">URBANTZ<\/strong><\/h1>\n<p>Nuestros consultores te orientar\u00e1n sobre c\u00f3mo mejorar tus operaciones de entrega de \u00faltima milla.<\/p>\n<p><img loading=\"lazy\" decoding=\"async\" width=\"50\" height=\"50\" src=\"https:\/\/urbantz.com\/wp-content\/uploads\/2021\/01\/Group-419.png\" alt=\"\" loading=\"lazy\"><\/p>\n<p>Seguimiento y visibilidad<br \/>\nen tiempo real<\/p>\n<p><img loading=\"lazy\" decoding=\"async\" width=\"50\" height=\"50\" src=\"https:\/\/urbantz.com\/wp-content\/uploads\/2021\/01\/Group-420.png\" alt=\"\" loading=\"lazy\"><\/p>\n<p>Integraci\u00f3n y seguimiento sencillos por parte del personal<\/p>\n<p><img loading=\"lazy\" decoding=\"async\" width=\"50\" height=\"50\" src=\"https:\/\/urbantz.com\/wp-content\/uploads\/2021\/01\/Group-421.png\" alt=\"\" loading=\"lazy\"><\/p>\n<p>Mejora de la experiencia<br \/>\ndel cliente<\/p>\n<p><img loading=\"lazy\" decoding=\"async\" width=\"50\" height=\"50\" src=\"https:\/\/urbantz.com\/wp-content\/uploads\/2021\/01\/Group-422.png\" alt=\"\" loading=\"lazy\"><\/p>\n<p>Gesti\u00f3n de m\u00faltiples<br \/>\nflotas<\/p>\n<p><img loading=\"lazy\" decoding=\"async\" width=\"50\" height=\"50\" src=\"https:\/\/urbantz.com\/wp-content\/uploads\/2021\/01\/Group-423.png\" alt=\"\" loading=\"lazy\"><\/p>\n<p>Operaciones de entrega<br \/>\na gran escala<\/p>\n<p><img loading=\"lazy\" decoding=\"async\" width=\"50\" height=\"50\" src=\"https:\/\/urbantz.com\/wp-content\/uploads\/2021\/01\/Group-424.png\" alt=\"\" loading=\"lazy\"><\/p>\n<p>Integraci\u00f3n del sistema<br \/>\nsencilla y r\u00e1pida<\/p>\n<p>Uno de nuestros expertos se pondr\u00e1 en contacto contigo y reservar\u00e1 una fecha para tu consulta personalizada y un recorrido por la plataforma URBANTZ.<\/p>\n<p>Con la confianza de los l\u00edderes del sector<\/p>\n<p><img loading=\"lazy\" decoding=\"async\" width=\"89\" height=\"56\" src=\"https:\/\/urbantz.com\/wp-content\/uploads\/2020\/11\/Carrefour-Logo-1.png\" alt=\"\" loading=\"lazy\"><br \/>\n<img loading=\"lazy\" decoding=\"async\" width=\"1024\" height=\"194\" src=\"https:\/\/urbantz.com\/wp-content\/uploads\/2021\/01\/PostNord.svg-1024x194.png\" alt=\"\" loading=\"lazy\" srcset=\"https:\/\/urbantz.com\/wp-content\/uploads\/2021\/01\/PostNord.svg-1024x194.png 1024w, https:\/\/urbantz.com\/wp-content\/uploads\/2021\/01\/PostNord.svg-300x57.png 300w, https:\/\/urbantz.com\/wp-content\/uploads\/2021\/01\/PostNord.svg-768x146.png 768w, https:\/\/urbantz.com\/wp-content\/uploads\/2021\/01\/PostNord.svg-e1611573164509.png 170w\" sizes=\"auto, (max-width: 1024px) 100vw, 1024px\"><br \/>\n<img loading=\"lazy\" decoding=\"async\" width=\"144\" height=\"36\" src=\"https:\/\/urbantz.com\/wp-content\/uploads\/2020\/11\/Frame-1.png\" alt=\"\" loading=\"lazy\"><br \/>\n<img loading=\"lazy\" decoding=\"async\" width=\"112\" height=\"63\" src=\"https:\/\/urbantz.com\/wp-content\/uploads\/2020\/11\/Metro-Logo-1.png\" alt=\"\" loading=\"lazy\" srcset=\"https:\/\/urbantz.com\/wp-content\/uploads\/2020\/11\/Metro-Logo-1.png 112w, https:\/\/urbantz.com\/wp-content\/uploads\/2020\/11\/Metro-Logo-1-110x63.png 110w\" sizes=\"auto, (max-width: 112px) 100vw, 112px\"><\/p>\n<h4>Quiero ver c\u00f3mo funciona Urbantz<\/h4>\n<p><!--[if lte IE 8]>\n<![endif]--><\/p>\n","protected":false},"excerpt":{"rendered":"<p>Solicita una demostraci\u00f3n en vivo de la plataforma URBANTZ Nuestros consultores te orientar\u00e1n sobre c\u00f3mo mejorar tus operaciones de entrega de \u00faltima milla. Seguimiento y visibilidad en tiempo real Integraci\u00f3n y seguimiento sencillos por parte del personal Mejora de la experiencia del cliente Gesti\u00f3n de m\u00faltiples flotas Operaciones de entrega a gran escala Integraci\u00f3n del [&hellip;]<\/p>\n","protected":false},"author":1,"featured_media":0,"parent":0,"menu_order":0,"comment_status":"closed","ping_status":"closed","template":"page-demo.php","meta":{"_acf_changed":false,"footnotes":""},"class_list":["post-17132","page","type-page","status-publish","hentry","no-post-thumbnail"],"acf":[],"aioseo_notices":[],"_links":{"self":[{"href":"https:\/\/urbantz.com\/es\/wp-json\/wp\/v2\/pages\/17132","targetHints":{"allow":["GET"]}}],"collection":[{"href":"https:\/\/urbantz.com\/es\/wp-json\/wp\/v2\/pages"}],"about":[{"href":"https:\/\/urbantz.com\/es\/wp-json\/wp\/v2\/types\/page"}],"author":[{"embeddable":true,"href":"https:\/\/urbantz.com\/es\/wp-json\/wp\/v2\/users\/1"}],"replies":[{"embeddable":true,"href":"https:\/\/urbantz.com\/es\/wp-json\/wp\/v2\/comments?post=17132"}],"version-history":[{"count":0,"href":"https:\/\/urbantz.com\/es\/wp-json\/wp\/v2\/pages\/17132\/revisions"}],"wp:attachment":[{"href":"https:\/\/urbantz.com\/es\/wp-json\/wp\/v2\/media?parent=17132"}],"curies":[{"name":"wp","href":"https:\/\/api.w.org\/{rel}","templated":true}]}}