{"id":17139,"date":"2018-12-16T14:15:59","date_gmt":"2018-12-16T14:15:59","guid":{"rendered":"https:\/\/www.urbantz.com\/contact\/"},"modified":"2023-04-20T11:30:31","modified_gmt":"2023-04-20T11:30:31","slug":"contact","status":"publish","type":"page","link":"https:\/\/urbantz.com\/es\/contact\/","title":{"rendered":"Contacto"},"content":{"rendered":"\t\t<div data-elementor-type=\"wp-post\" data-elementor-id=\"17139\" class=\"elementor elementor-17139 elementor-1264\">\n\t\t\t\t\t\t<section class=\"elementor-section elementor-top-section elementor-element elementor-element-d05569f elementor-section-full_width elementor-section-height-default elementor-section-height-default\" data-id=\"d05569f\" data-element_type=\"section\" data-e-type=\"section\">\n\t\t\t\t\t\t<div class=\"elementor-container elementor-column-gap-default\">\n\t\t\t\t\t<div class=\"elementor-column elementor-col-100 elementor-top-column elementor-element elementor-element-7b2721f\" data-id=\"7b2721f\" data-element_type=\"column\" data-e-type=\"column\">\n\t\t\t<div class=\"elementor-widget-wrap elementor-element-populated\">\n\t\t\t\t\t\t<div class=\"elementor-element elementor-element-d3821cf elementor-widget elementor-widget-Saasland_hero_erp\" data-id=\"d3821cf\" data-element_type=\"widget\" data-e-type=\"widget\" data-widget_type=\"Saasland_hero_erp.default\">\n\t\t\t\t<div class=\"elementor-widget-container\">\n\t\t\t\t\t        <section class=\"erp_banner_area_two\">\r\n            <ul class=\"list-unstyled cloud_animation\">\r\n                                    <li><img decoding=\"async\" src=\"https:\/\/urbantz.com\/wp-content\/uploads\/2020\/12\/Vector-2.png\" alt=\"Ponte en contacto con nosotros\"><\/li>\r\n                \r\n                                    <li><img decoding=\"async\" src=\"https:\/\/urbantz.com\/wp-content\/uploads\/2020\/12\/Vector-2.png\" alt=\"Ponte en contacto con nosotros\"><\/li>\r\n                \r\n                                    <li><img decoding=\"async\" src=\"https:\/\/urbantz.com\/wp-content\/uploads\/2020\/12\/Vector-5.png\" alt=\"Ponte en contacto con nosotros\"><\/li>\r\n                \r\n                                    <li><img decoding=\"async\" src=\"https:\/\/urbantz.com\/wp-content\/uploads\/2020\/12\/Vector-2.png\" alt=\"Ponte en contacto con nosotros\"><\/li>\r\n                \r\n                                    <li><img decoding=\"async\" src=\"https:\/\/urbantz.com\/wp-content\/uploads\/2020\/12\/Vector-4.png\" alt=\"Ponte en contacto con nosotros\"><\/li>\r\n                \r\n                                    <li><img decoding=\"async\" src=\"https:\/\/urbantz.com\/wp-content\/uploads\/2020\/12\/Vector-6.png\" alt=\"Ponte en contacto con nosotros\"><\/li>\r\n                \r\n                                    <li><img decoding=\"async\" src=\"https:\/\/urbantz.com\/wp-content\/uploads\/2020\/12\/Vector-2.png\" alt=\"Ponte en contacto con nosotros\"><\/li>\r\n                \r\n                                    <li><img decoding=\"async\" src=\"https:\/\/urbantz.com\/wp-content\/uploads\/2020\/12\/Vector-6.png\" alt=\"Ponte en contacto con nosotros\"><\/li>\r\n                \r\n                                    <li><img decoding=\"async\" src=\"https:\/\/urbantz.com\/wp-content\/uploads\/2020\/12\/Vector-2.png\" alt=\"Ponte en contacto con nosotros\"><\/li>\r\n                \r\n                                    <li><img decoding=\"async\" src=\"https:\/\/urbantz.com\/wp-content\/uploads\/2020\/12\/Vector-5.png\" alt=\"Ponte en contacto con nosotros\"><\/li>\r\n                \r\n                                    <li><img decoding=\"async\" src=\"https:\/\/urbantz.com\/wp-content\/uploads\/2020\/12\/Vector-6.png\" alt=\"Ponte en contacto con nosotros\"><\/li>\r\n                \r\n                                    <li><img decoding=\"async\" src=\"https:\/\/urbantz.com\/wp-content\/uploads\/2020\/12\/Vector-6.png\" alt=\"Ponte en contacto con nosotros\"><\/li>\r\n                \r\n            <\/ul>\r\n            <div class=\"erp_shap_two\" style=\"background: url() no-repeat scroll top left;\"><\/div>\r\n            <div class=\"section_intro\">\r\n                <div class=\"section_container\">\r\n                    <div class=\"intro\">\r\n                        <div class=\" intro_content\">\r\n                                                            <h1 class=\"title_erp\">Ponte en contacto con nosotros<\/h1>\r\n                                                                                        <p>Cu\u00e9ntanos c\u00f3mo podemos ayudarte. Nos pondremos en contacto contigo lo antes posible.<\/p>\n                                                                                <\/div>\r\n                    <\/div>\r\n                <\/div>\r\n            <\/div>\r\n        <\/section>\r\n        \t\t\t\t<\/div>\n\t\t\t\t<\/div>\n\t\t\t\t\t<\/div>\n\t\t<\/div>\n\t\t\t\t\t<\/div>\n\t\t<\/section>\n\t\t\t\t<section class=\"elementor-section elementor-top-section elementor-element elementor-element-82958dd contact-section elementor-section-boxed elementor-section-height-default elementor-section-height-default\" data-id=\"82958dd\" data-element_type=\"section\" data-e-type=\"section\" data-settings=\"{&quot;background_background&quot;:&quot;classic&quot;}\">\n\t\t\t\t\t\t<div class=\"elementor-container elementor-column-gap-no\">\n\t\t\t\t\t<div class=\"elementor-column elementor-col-50 elementor-top-column elementor-element elementor-element-4403ff0\" data-id=\"4403ff0\" data-element_type=\"column\" data-e-type=\"column\">\n\t\t\t<div class=\"elementor-widget-wrap elementor-element-populated\">\n\t\t\t\t\t\t<section class=\"elementor-section elementor-inner-section elementor-element elementor-element-a9ca10d elementor-section-boxed elementor-section-height-default elementor-section-height-default\" data-id=\"a9ca10d\" data-element_type=\"section\" data-e-type=\"section\">\n\t\t\t\t\t\t<div class=\"elementor-container elementor-column-gap-no\">\n\t\t\t\t\t<div class=\"elementor-column elementor-col-100 elementor-inner-column elementor-element elementor-element-212b8f9\" data-id=\"212b8f9\" data-element_type=\"column\" data-e-type=\"column\">\n\t\t\t<div class=\"elementor-widget-wrap elementor-element-populated\">\n\t\t\t\t\t\t<div class=\"elementor-element elementor-element-fce132e elementor-widget elementor-widget-heading\" data-id=\"fce132e\" data-element_type=\"widget\" data-e-type=\"widget\" data-widget_type=\"heading.default\">\n\t\t\t\t<div class=\"elementor-widget-container\">\n\t\t\t\t\t<h2 class=\"elementor-heading-title elementor-size-default\">Nuestra sede<\/h2>\t\t\t\t<\/div>\n\t\t\t\t<\/div>\n\t\t\t\t<div class=\"elementor-element elementor-element-fa47a04 elementor-widget elementor-widget-text-editor\" data-id=\"fa47a04\" data-element_type=\"widget\" data-e-type=\"widget\" data-widget_type=\"text-editor.default\">\n\t\t\t\t<div class=\"elementor-widget-container\">\n\t\t\t\t\t\t\t\t\t<p>Avenue Louise 251<br \/>1050, Brussels, B\u00e9lgica<\/p>\n\t\t\t\t\t\t\t\t<\/div>\n\t\t\t\t<\/div>\n\t\t\t\t<div class=\"elementor-element elementor-element-a6db0d4 elementor-widget-divider--view-line elementor-widget elementor-widget-divider\" data-id=\"a6db0d4\" data-element_type=\"widget\" data-e-type=\"widget\" data-widget_type=\"divider.default\">\n\t\t\t\t<div class=\"elementor-widget-container\">\n\t\t\t\t\t\t\t<div class=\"elementor-divider\">\n\t\t\t<span class=\"elementor-divider-separator\">\n\t\t\t\t\t\t<\/span>\n\t\t<\/div>\n\t\t\t\t\t\t<\/div>\n\t\t\t\t<\/div>\n\t\t\t\t\t<\/div>\n\t\t<\/div>\n\t\t\t\t\t<\/div>\n\t\t<\/section>\n\t\t\t\t<section class=\"elementor-section elementor-inner-section elementor-element elementor-element-891697a elementor-section-boxed elementor-section-height-default elementor-section-height-default\" data-id=\"891697a\" data-element_type=\"section\" data-e-type=\"section\">\n\t\t\t\t\t\t<div class=\"elementor-container elementor-column-gap-no\">\n\t\t\t\t\t<div class=\"elementor-column elementor-col-100 elementor-inner-column elementor-element elementor-element-0bd35c4\" data-id=\"0bd35c4\" data-element_type=\"column\" data-e-type=\"column\">\n\t\t\t<div class=\"elementor-widget-wrap elementor-element-populated\">\n\t\t\t\t\t\t<div class=\"elementor-element elementor-element-b6e0446 elementor-widget elementor-widget-heading\" data-id=\"b6e0446\" data-element_type=\"widget\" data-e-type=\"widget\" data-widget_type=\"heading.default\">\n\t\t\t\t<div class=\"elementor-widget-container\">\n\t\t\t\t\t<h2 class=\"elementor-heading-title elementor-size-default\">Env\u00edanos un correo electr\u00f3nico<\/h2>\t\t\t\t<\/div>\n\t\t\t\t<\/div>\n\t\t\t\t<div class=\"elementor-element elementor-element-fa2cf48 elementor-widget elementor-widget-text-editor\" data-id=\"fa2cf48\" data-element_type=\"widget\" data-e-type=\"widget\" data-widget_type=\"text-editor.default\">\n\t\t\t\t<div class=\"elementor-widget-container\">\n\t\t\t\t\t\t\t\t\t<p>Correo electr\u00f3nico:&nbsp;<a href=\"mailto:hello@urbantz.com\">hello@urbantz.com<\/a><\/p>\n\t\t\t\t\t\t\t\t<\/div>\n\t\t\t\t<\/div>\n\t\t\t\t\t<\/div>\n\t\t<\/div>\n\t\t\t\t\t<\/div>\n\t\t<\/section>\n\t\t\t\t\t<\/div>\n\t\t<\/div>\n\t\t\t\t<div class=\"elementor-column elementor-col-50 elementor-top-column elementor-element elementor-element-f5669b7\" data-id=\"f5669b7\" data-element_type=\"column\" data-e-type=\"column\">\n\t\t\t<div class=\"elementor-widget-wrap elementor-element-populated\">\n\t\t\t\t\t\t<div class=\"elementor-element elementor-element-bce3fcc elementor-widget__width-initial elementor-widget elementor-widget-html\" data-id=\"bce3fcc\" data-element_type=\"widget\" data-e-type=\"widget\" data-widget_type=\"html.default\">\n\t\t\t\t<div class=\"elementor-widget-container\">\n\t\t\t\t\t<div class=\"hs-form m-t-30\">\r\n<!--[if lte IE 8]>\r\n<script charset=\"utf-8\" type=\"text\/javascript\" src=\"\/\/js.hsforms.net\/forms\/v2-legacy.js\"><\/script>\r\n<![endif]-->\r\n<script charset=\"utf-8\" type=\"text\/javascript\" src=\"\/\/js.hsforms.net\/forms\/v2.js\"><\/script>\r\n<script>\r\n    hbspt.forms.create({\r\n        portalId: \"7877093\",\r\n        formId: \"f4985088-2a4f-4da3-a155-44e82842ecd0\",\r\n        locale: 'es',\r\n        translations: {\r\n            es: {\r\n                required: \"Complete el campo requirido.\",\r\n                invalidEmail: \"El correo electr\u00f3nico debe tener el formato correcto.\",\r\n                forbiddenEmailDomain: \"Ingrese la direcci\u00f3n de correo electr\u00f3nico de su empresa.\",\r\n                submitText: \"Enviar\"\r\n            }\r\n        },\r\n        onFormReady: function($form){\r\n            $(\"input[name='utm_source']\").val(getCookie(\"utm_source\"));\r\n            $(\"input[name='utm_medium']\").val(getCookie(\"utm_medium\"));\r\n            $(\"input[name='utm_campaign']\").val(getCookie(\"utm_campaign\"));\r\n            $(\"input[name='utm_content']\").val(getCookie(\"utm_content\"));\r\n            $(\"input[name='utm_vertical']\").val(getCookie(\"utm_vertical\"));\r\n            $(\"input[name='utm_language']\").val(getCookie(\"utm_language\"));\r\n            $(\"input[name='firstname']\").attr('placeholder','Nombre');\r\n            $(\"input[name='lastname']\").attr('placeholder','Apellido');\r\n            $(\"input[name='email']\").attr('placeholder','E-mail profesional');\r\n            $('select[name=country_dropdown] option:first').html(\"Ciudad\");\r\n            $(\"input[name='phone']\").attr('placeholder','N\u00famero de tel\u00e9fono');\r\n            $(\"input[name='company']\").attr('placeholder','Nombre de la empresa');\r\n            $('select[name=number_of_deliveries_per_year_specified_on_web_form_] option:first').html(\"N\u00famero de entregas por a\u00f1o\");\r\n            $(\"textarea[name='message']\").attr('placeholder','Tu mensaje');\r\n            $(\"p:contains('By filling this form you agree to be contacted by URBANTZ regarding your request. You can unsubscribe at any time. Read our')\").replaceWith(\"<p style='font-size: 12px;'> Al completar este formulario, acepta ser contactado por URBANTZ con respecto a su solicitud. Puede cancelar la subscripci\u00f3n en cualquier momento. Lea nuestra <a href='\/es\/privacy-policy\/'>pol\u00edtica de privacidad<\/a><p>\");\r\n        }\r\n    });\r\n<\/script>\r\n<\/div>\t\t\t\t<\/div>\n\t\t\t\t<\/div>\n\t\t\t\t\t<\/div>\n\t\t<\/div>\n\t\t\t\t\t<\/div>\n\t\t<\/section>\n\t\t\t\t<\/div>\n\t\t","protected":false},"excerpt":{"rendered":"<p>Ponte en contacto con nosotros Cu\u00e9ntanos c\u00f3mo podemos ayudarte. Nos pondremos en contacto contigo lo antes posible. Nuestra sede Avenue Louise 2511050, Brussels, B\u00e9lgica Env\u00edanos un correo electr\u00f3nico Correo electr\u00f3nico:&nbsp;hello@urbantz.com<\/p>\n","protected":false},"author":1,"featured_media":0,"parent":0,"menu_order":0,"comment_status":"closed","ping_status":"closed","template":"elementor_header_footer","meta":{"_acf_changed":false,"footnotes":""},"class_list":["post-17139","page","type-page","status-publish","hentry","no-post-thumbnail"],"acf":[],"aioseo_notices":[],"_links":{"self":[{"href":"https:\/\/urbantz.com\/es\/wp-json\/wp\/v2\/pages\/17139","targetHints":{"allow":["GET"]}}],"collection":[{"href":"https:\/\/urbantz.com\/es\/wp-json\/wp\/v2\/pages"}],"about":[{"href":"https:\/\/urbantz.com\/es\/wp-json\/wp\/v2\/types\/page"}],"author":[{"embeddable":true,"href":"https:\/\/urbantz.com\/es\/wp-json\/wp\/v2\/users\/1"}],"replies":[{"embeddable":true,"href":"https:\/\/urbantz.com\/es\/wp-json\/wp\/v2\/comments?post=17139"}],"version-history":[{"count":0,"href":"https:\/\/urbantz.com\/es\/wp-json\/wp\/v2\/pages\/17139\/revisions"}],"wp:attachment":[{"href":"https:\/\/urbantz.com\/es\/wp-json\/wp\/v2\/media?parent=17139"}],"curies":[{"name":"wp","href":"https:\/\/api.w.org\/{rel}","templated":true}]}}