{"id":16182,"date":"2021-01-04T15:24:28","date_gmt":"2021-01-04T15:24:28","guid":{"rendered":"http:\/\/52.51.181.9\/product-demo\/"},"modified":"2023-01-23T07:37:15","modified_gmt":"2023-01-23T07:37:15","slug":"demo","status":"publish","type":"page","link":"https:\/\/urbantz.com\/fr\/demo\/","title":{"rendered":"D\u00e9monstration produit"},"content":{"rendered":"<h1 style=\"font-weight: bold;\">Demander une d\u00e9mo en direct de la plateforme <strong style=\"font-weight: bold; color: #00bed6;\">URBANTZ<\/strong><\/h1>\n<p>Nos consultants vous renseigneront sur les avantages que la plateforme URBANTZ peut apporter \u00e0 votre entreprise.<\/p>\n<p><img loading=\"lazy\" decoding=\"async\" width=\"50\" height=\"50\" src=\"http:\/\/website-296231923.eu-west-1.elb.amazonaws.com\/wp-content\/uploads\/2021\/01\/Group-419.png\" alt=\"\" loading=\"lazy\"><\/p>\n<p>Suivi et visibilit\u00e9<br \/>\net temps r\u00e9el<\/p>\n<p><img loading=\"lazy\" decoding=\"async\" width=\"50\" height=\"50\" src=\"http:\/\/website-296231923.eu-west-1.elb.amazonaws.com\/wp-content\/uploads\/2021\/01\/Group-420.png\" alt=\"\" loading=\"lazy\"><\/p>\n<p>Int\u00e9gration et suivi<br \/>\nfacilit\u00e9s pour les employ\u00e9s<\/p>\n<p><img loading=\"lazy\" decoding=\"async\" width=\"50\" height=\"50\" src=\"http:\/\/website-296231923.eu-west-1.elb.amazonaws.com\/wp-content\/uploads\/2021\/01\/Group-421.png\" alt=\"\" loading=\"lazy\"><\/p>\n<p>Am\u00e9lioration<br \/>\nde l\u2019exp\u00e9rience client<\/p>\n<p><img loading=\"lazy\" decoding=\"async\" width=\"50\" height=\"50\" src=\"http:\/\/website-296231923.eu-west-1.elb.amazonaws.com\/wp-content\/uploads\/2021\/01\/Group-422.png\" alt=\"\" loading=\"lazy\"><\/p>\n<p>Gestion de<br \/>\nplusieurs flottes<\/p>\n<p><img loading=\"lazy\" decoding=\"async\" width=\"50\" height=\"50\" src=\"http:\/\/website-296231923.eu-west-1.elb.amazonaws.com\/wp-content\/uploads\/2021\/01\/Group-423.png\" alt=\"\" loading=\"lazy\"><\/p>\n<p>Op\u00e9rations de livraison \u00e0 grande \u00e9chelle<\/p>\n<p><img loading=\"lazy\" decoding=\"async\" width=\"50\" height=\"50\" src=\"http:\/\/website-296231923.eu-west-1.elb.amazonaws.com\/wp-content\/uploads\/2021\/01\/Group-424.png\" alt=\"\" loading=\"lazy\"><\/p>\n<p>Int\u00e9gration facile et rapide avec les syst\u00e8mes existants<\/p>\n<p>Un de nos consultants prendra contact avec vous afin de convenir d\u2019un rendez-vous t\u00e9l\u00e9phonique et de la date \u00e0 laquelle vous souhaitez assister \u00e0 votre d\u00e9monstration personnalis\u00e9e de la plateforme URBANTZ.<\/p>\n<p>Les leaders du secteur nous font confiance<\/p>\n<p><img loading=\"lazy\" decoding=\"async\" width=\"89\" height=\"56\" src=\"http:\/\/website-296231923.eu-west-1.elb.amazonaws.com\/wp-content\/uploads\/2020\/11\/Carrefour-Logo-1.png\" alt=\"\" loading=\"lazy\"><br \/>\n<img loading=\"lazy\" decoding=\"async\" width=\"1024\" height=\"194\" src=\"http:\/\/website-296231923.eu-west-1.elb.amazonaws.com\/wp-content\/uploads\/2021\/01\/PostNord.svg-1024x194.png\" alt=\"\" loading=\"lazy\" srcset=\"http:\/\/website-296231923.eu-west-1.elb.amazonaws.com\/wp-content\/uploads\/2021\/01\/PostNord.svg-1024x194.png 1024w, http:\/\/website-296231923.eu-west-1.elb.amazonaws.com\/wp-content\/uploads\/2021\/01\/PostNord.svg-300x57.png 300w, http:\/\/website-296231923.eu-west-1.elb.amazonaws.com\/wp-content\/uploads\/2021\/01\/PostNord.svg-768x146.png 768w, http:\/\/website-296231923.eu-west-1.elb.amazonaws.com\/wp-content\/uploads\/2021\/01\/PostNord.svg-e1611573164509.png 170w\" sizes=\"auto, (max-width: 1024px) 100vw, 1024px\"><br \/>\n<img loading=\"lazy\" decoding=\"async\" width=\"144\" height=\"36\" src=\"http:\/\/website-296231923.eu-west-1.elb.amazonaws.com\/wp-content\/uploads\/2020\/11\/Frame-1.png\" alt=\"\" loading=\"lazy\"><br \/>\n<img loading=\"lazy\" decoding=\"async\" width=\"112\" height=\"63\" src=\"http:\/\/website-296231923.eu-west-1.elb.amazonaws.com\/wp-content\/uploads\/2020\/11\/Metro-Logo-1.png\" alt=\"\" loading=\"lazy\" srcset=\"http:\/\/website-296231923.eu-west-1.elb.amazonaws.com\/wp-content\/uploads\/2020\/11\/Metro-Logo-1.png 112w, http:\/\/website-296231923.eu-west-1.elb.amazonaws.com\/wp-content\/uploads\/2020\/11\/Metro-Logo-1-110x63.png 110w\" sizes=\"auto, (max-width: 112px) 100vw, 112px\"><\/p>\n<h4>Merci de nous communiquer vos coordonn\u00e9es pour que nous puissions organiser la d\u00e9monstration&nbsp;:<\/h4>\n<p><!--[if lte IE 8]>\n<![endif]--><\/p>\n","protected":false},"excerpt":{"rendered":"<p>Demander une d\u00e9mo en direct de la plateforme URBANTZ Nos consultants vous renseigneront sur les avantages que la plateforme URBANTZ peut apporter \u00e0 votre entreprise. Suivi et visibilit\u00e9 et temps r\u00e9el Int\u00e9gration et suivi facilit\u00e9s pour les employ\u00e9s Am\u00e9lioration de l\u2019exp\u00e9rience client Gestion de plusieurs flottes Op\u00e9rations de livraison \u00e0 grande \u00e9chelle Int\u00e9gration facile et [&hellip;]<\/p>\n","protected":false},"author":1,"featured_media":0,"parent":0,"menu_order":0,"comment_status":"closed","ping_status":"closed","template":"page-demo.php","meta":{"_acf_changed":false,"footnotes":""},"class_list":["post-16182","page","type-page","status-publish","hentry","no-post-thumbnail"],"acf":[],"aioseo_notices":[],"_links":{"self":[{"href":"https:\/\/urbantz.com\/fr\/wp-json\/wp\/v2\/pages\/16182","targetHints":{"allow":["GET"]}}],"collection":[{"href":"https:\/\/urbantz.com\/fr\/wp-json\/wp\/v2\/pages"}],"about":[{"href":"https:\/\/urbantz.com\/fr\/wp-json\/wp\/v2\/types\/page"}],"author":[{"embeddable":true,"href":"https:\/\/urbantz.com\/fr\/wp-json\/wp\/v2\/users\/1"}],"replies":[{"embeddable":true,"href":"https:\/\/urbantz.com\/fr\/wp-json\/wp\/v2\/comments?post=16182"}],"version-history":[{"count":0,"href":"https:\/\/urbantz.com\/fr\/wp-json\/wp\/v2\/pages\/16182\/revisions"}],"wp:attachment":[{"href":"https:\/\/urbantz.com\/fr\/wp-json\/wp\/v2\/media?parent=16182"}],"curies":[{"name":"wp","href":"https:\/\/api.w.org\/{rel}","templated":true}]}}