{"id":16189,"date":"2018-12-16T14:15:59","date_gmt":"2018-12-16T14:15:59","guid":{"rendered":"http:\/\/52.51.181.9\/contact\/"},"modified":"2023-04-20T11:30:25","modified_gmt":"2023-04-20T11:30:25","slug":"contact","status":"publish","type":"page","link":"https:\/\/urbantz.com\/fr\/contact\/","title":{"rendered":"Contact"},"content":{"rendered":"\t\t<div data-elementor-type=\"wp-post\" data-elementor-id=\"16189\" class=\"elementor elementor-16189 elementor-1264\">\n\t\t\t\t\t\t<section class=\"elementor-section elementor-top-section elementor-element elementor-element-d05569f elementor-section-full_width elementor-section-height-default elementor-section-height-default\" data-id=\"d05569f\" data-element_type=\"section\" data-e-type=\"section\">\n\t\t\t\t\t\t<div class=\"elementor-container elementor-column-gap-default\">\n\t\t\t\t\t<div class=\"elementor-column elementor-col-100 elementor-top-column elementor-element elementor-element-7b2721f\" data-id=\"7b2721f\" data-element_type=\"column\" data-e-type=\"column\">\n\t\t\t<div class=\"elementor-widget-wrap elementor-element-populated\">\n\t\t\t\t\t\t<div class=\"elementor-element elementor-element-d3821cf elementor-widget elementor-widget-Saasland_hero_erp\" data-id=\"d3821cf\" data-element_type=\"widget\" data-e-type=\"widget\" data-widget_type=\"Saasland_hero_erp.default\">\n\t\t\t\t<div class=\"elementor-widget-container\">\n\t\t\t\t\t        <section class=\"erp_banner_area_two\">\r\n            <ul class=\"list-unstyled cloud_animation\">\r\n                                    <li><img decoding=\"async\" src=\"https:\/\/urbantz.com\/wp-content\/uploads\/2020\/12\/Vector-2.png\" alt=\"Contactez-nous\"><\/li>\r\n                \r\n                                    <li><img decoding=\"async\" src=\"https:\/\/urbantz.com\/wp-content\/uploads\/2020\/12\/Vector-2.png\" alt=\"Contactez-nous\"><\/li>\r\n                \r\n                                    <li><img decoding=\"async\" src=\"https:\/\/urbantz.com\/wp-content\/uploads\/2020\/12\/Vector-5.png\" alt=\"Contactez-nous\"><\/li>\r\n                \r\n                                    <li><img decoding=\"async\" src=\"https:\/\/urbantz.com\/wp-content\/uploads\/2020\/12\/Vector-2.png\" alt=\"Contactez-nous\"><\/li>\r\n                \r\n                                    <li><img decoding=\"async\" src=\"https:\/\/urbantz.com\/wp-content\/uploads\/2020\/12\/Vector-4.png\" alt=\"Contactez-nous\"><\/li>\r\n                \r\n                                    <li><img decoding=\"async\" src=\"https:\/\/urbantz.com\/wp-content\/uploads\/2020\/12\/Vector-6.png\" alt=\"Contactez-nous\"><\/li>\r\n                \r\n                                    <li><img decoding=\"async\" src=\"https:\/\/urbantz.com\/wp-content\/uploads\/2020\/12\/Vector-2.png\" alt=\"Contactez-nous\"><\/li>\r\n                \r\n                                    <li><img decoding=\"async\" src=\"https:\/\/urbantz.com\/wp-content\/uploads\/2020\/12\/Vector-6.png\" alt=\"Contactez-nous\"><\/li>\r\n                \r\n                                    <li><img decoding=\"async\" src=\"https:\/\/urbantz.com\/wp-content\/uploads\/2020\/12\/Vector-2.png\" alt=\"Contactez-nous\"><\/li>\r\n                \r\n                                    <li><img decoding=\"async\" src=\"https:\/\/urbantz.com\/wp-content\/uploads\/2020\/12\/Vector-5.png\" alt=\"Contactez-nous\"><\/li>\r\n                \r\n                                    <li><img decoding=\"async\" src=\"https:\/\/urbantz.com\/wp-content\/uploads\/2020\/12\/Vector-6.png\" alt=\"Contactez-nous\"><\/li>\r\n                \r\n                                    <li><img decoding=\"async\" src=\"https:\/\/urbantz.com\/wp-content\/uploads\/2020\/12\/Vector-6.png\" alt=\"Contactez-nous\"><\/li>\r\n                \r\n            <\/ul>\r\n            <div class=\"erp_shap_two\" style=\"background: url() no-repeat scroll top left;\"><\/div>\r\n            <div class=\"section_intro\">\r\n                <div class=\"section_container\">\r\n                    <div class=\"intro\">\r\n                        <div class=\" intro_content\">\r\n                                                            <h1 class=\"title_erp\">Contactez-nous<\/h1>\r\n                                                                                        <p>Comment pouvons-nous vous aider\u00a0? Nous vous contacterons dans les plus brefs d\u00e9lais.<\/p>\n                                                                                <\/div>\r\n                    <\/div>\r\n                <\/div>\r\n            <\/div>\r\n        <\/section>\r\n        \t\t\t\t<\/div>\n\t\t\t\t<\/div>\n\t\t\t\t\t<\/div>\n\t\t<\/div>\n\t\t\t\t\t<\/div>\n\t\t<\/section>\n\t\t\t\t<section class=\"elementor-section elementor-top-section elementor-element elementor-element-82958dd contact-section elementor-section-boxed elementor-section-height-default elementor-section-height-default\" data-id=\"82958dd\" data-element_type=\"section\" data-e-type=\"section\" data-settings=\"{&quot;background_background&quot;:&quot;classic&quot;}\">\n\t\t\t\t\t\t<div class=\"elementor-container elementor-column-gap-no\">\n\t\t\t\t\t<div class=\"elementor-column elementor-col-50 elementor-top-column elementor-element elementor-element-4403ff0\" data-id=\"4403ff0\" data-element_type=\"column\" data-e-type=\"column\">\n\t\t\t<div class=\"elementor-widget-wrap elementor-element-populated\">\n\t\t\t\t\t\t<section class=\"elementor-section elementor-inner-section elementor-element elementor-element-a9ca10d elementor-section-boxed elementor-section-height-default elementor-section-height-default\" data-id=\"a9ca10d\" data-element_type=\"section\" data-e-type=\"section\">\n\t\t\t\t\t\t<div class=\"elementor-container elementor-column-gap-no\">\n\t\t\t\t\t<div class=\"elementor-column elementor-col-100 elementor-inner-column elementor-element elementor-element-212b8f9\" data-id=\"212b8f9\" data-element_type=\"column\" data-e-type=\"column\">\n\t\t\t<div class=\"elementor-widget-wrap elementor-element-populated\">\n\t\t\t\t\t\t<div class=\"elementor-element elementor-element-fce132e elementor-widget elementor-widget-heading\" data-id=\"fce132e\" data-element_type=\"widget\" data-e-type=\"widget\" data-widget_type=\"heading.default\">\n\t\t\t\t<div class=\"elementor-widget-container\">\n\t\t\t\t\t<h2 class=\"elementor-heading-title elementor-size-default\">Adresse de notre si\u00e8ge social<\/h2>\t\t\t\t<\/div>\n\t\t\t\t<\/div>\n\t\t\t\t<div class=\"elementor-element elementor-element-fa47a04 elementor-widget elementor-widget-text-editor\" data-id=\"fa47a04\" data-element_type=\"widget\" data-e-type=\"widget\" data-widget_type=\"text-editor.default\">\n\t\t\t\t<div class=\"elementor-widget-container\">\n\t\t\t\t\t\t\t\t\t<p>Avenue Louise 251<br \/>1050, Bruxelles, Belgique<\/p><\/p>\n\t\t\t\t\t\t\t\t<\/div>\n\t\t\t\t<\/div>\n\t\t\t\t<div class=\"elementor-element elementor-element-a6db0d4 elementor-widget-divider--view-line elementor-widget elementor-widget-divider\" data-id=\"a6db0d4\" data-element_type=\"widget\" data-e-type=\"widget\" data-widget_type=\"divider.default\">\n\t\t\t\t<div class=\"elementor-widget-container\">\n\t\t\t\t\t\t\t<div class=\"elementor-divider\">\n\t\t\t<span class=\"elementor-divider-separator\">\n\t\t\t\t\t\t<\/span>\n\t\t<\/div>\n\t\t\t\t\t\t<\/div>\n\t\t\t\t<\/div>\n\t\t\t\t\t<\/div>\n\t\t<\/div>\n\t\t\t\t\t<\/div>\n\t\t<\/section>\n\t\t\t\t<section class=\"elementor-section elementor-inner-section elementor-element elementor-element-891697a elementor-section-boxed elementor-section-height-default elementor-section-height-default\" data-id=\"891697a\" data-element_type=\"section\" data-e-type=\"section\">\n\t\t\t\t\t\t<div class=\"elementor-container elementor-column-gap-no\">\n\t\t\t\t\t<div class=\"elementor-column elementor-col-100 elementor-inner-column elementor-element elementor-element-0bd35c4\" data-id=\"0bd35c4\" data-element_type=\"column\" data-e-type=\"column\">\n\t\t\t<div class=\"elementor-widget-wrap elementor-element-populated\">\n\t\t\t\t\t\t<div class=\"elementor-element elementor-element-b6e0446 elementor-widget elementor-widget-heading\" data-id=\"b6e0446\" data-element_type=\"widget\" data-e-type=\"widget\" data-widget_type=\"heading.default\">\n\t\t\t\t<div class=\"elementor-widget-container\">\n\t\t\t\t\t<h2 class=\"elementor-heading-title elementor-size-default\">Envoyez-nous un e-mail<\/h2>\t\t\t\t<\/div>\n\t\t\t\t<\/div>\n\t\t\t\t<div class=\"elementor-element elementor-element-fa2cf48 elementor-widget elementor-widget-text-editor\" data-id=\"fa2cf48\" data-element_type=\"widget\" data-e-type=\"widget\" data-widget_type=\"text-editor.default\">\n\t\t\t\t<div class=\"elementor-widget-container\">\n\t\t\t\t\t\t\t\t\t<p>E-mail\u00a0: <a href=\"mailto:hello@urbantz.com\">hello@urbantz.com<\/a><\/p>\n\t\t\t\t\t\t\t\t<\/div>\n\t\t\t\t<\/div>\n\t\t\t\t\t<\/div>\n\t\t<\/div>\n\t\t\t\t\t<\/div>\n\t\t<\/section>\n\t\t\t\t\t<\/div>\n\t\t<\/div>\n\t\t\t\t<div class=\"elementor-column elementor-col-50 elementor-top-column elementor-element elementor-element-f5669b7\" data-id=\"f5669b7\" data-element_type=\"column\" data-e-type=\"column\">\n\t\t\t<div class=\"elementor-widget-wrap elementor-element-populated\">\n\t\t\t\t\t\t<div class=\"elementor-element elementor-element-bce3fcc elementor-widget__width-initial elementor-widget elementor-widget-html\" data-id=\"bce3fcc\" data-element_type=\"widget\" data-e-type=\"widget\" data-widget_type=\"html.default\">\n\t\t\t\t<div class=\"elementor-widget-container\">\n\t\t\t\t\t<div class=\"hs-form m-t-30\">\r\n    <!--[if lte IE 8]>\r\n    <script charset=\"utf-8\" type=\"text\/javascript\" src=\"\/\/js.hsforms.net\/forms\/v2-legacy.js\"><\/script>\r\n    <![endif]-->\r\n    <script charset=\"utf-8\" type=\"text\/javascript\" src=\"\/\/js.hsforms.net\/forms\/v2.js\"><\/script>\r\n    <script>\r\n      hbspt.forms.create({\r\n    \tportalId: \"7877093\",\r\n    \tformId: \"f57ce57a-b177-4e32-982d-c95656d627d7\",\r\n          locale: 'de',\r\n          translations: {\r\n            de: {\r\n              required: \"Veuillez remplir ce champ obligatoire.\",\r\n              invalidEmail: \"L'addresse e-mail doit \u00eatre r\u00e9dig\u00e9e correctement.\",\r\n              forbiddenEmailDomain: \"Saissisez votre addresse email professionnelle.\",\r\n              submitText: \"Envoyer\"\r\n            }\r\n          },\r\n    onFormReady: function($form){\r\n    $(\"input[name='utm_source']\").val(getCookie(\"utm_source\"));\r\n    $(\"input[name='utm_medium']\").val(getCookie(\"utm_medium\"));\r\n    $(\"input[name='utm_campaign']\").val(getCookie(\"utm_campaign\"));\r\n    $(\"input[name='utm_content']\").val(getCookie(\"utm_content\"));\r\n    $(\"input[name='utm_vertical']\").val(getCookie(\"utm_vertical\"));\r\n    $(\"input[name='utm_language']\").val(getCookie(\"utm_language\"));\r\n    $(\"input[name='firstname']\").attr('placeholder','Pr\u00e9nom');\r\n    $(\"input[name='lastname']\").attr('placeholder','Nom');\r\n    $(\"input[name='email']\").attr('placeholder','Adresse e-mail professionnelle');\r\n    $('select[name=country_dropdown] option:first').html(\"Pays\");\r\n    $(\"input[name='phone']\").attr('placeholder','Num\u00e9ro de t\u00e9l\u00e9phone');\r\n    $(\"input[name='company']\").attr('placeholder',\"Nom de l'entreprise\");\r\n    $('select[name=number_of_deliveries_per_year_specified_on_web_form_] option:first').html(\"Nombre de livraisons par an\");\r\n    $(\"textarea[name='message']\").attr('placeholder','Votre message');\r\n    $(\"p:contains('By filling this form you agree to be contacted by URBANTZ regarding your request. You can unsubscribe at any time. Read our')\").replaceWith(\"<p>En remplissant ce formulaire, vous acceptez d'\u00eatre contact\u00e9 par URBANTZ concernant votre demande. Vous pouvez vous d\u00e9sinscrire \u00e0 tout moment. Lire notre <a href='\/fr\/privacy-policy\/'>politique de confidentialit\u00e9<\/a><p>\");\r\n    }\r\n    });\r\n    <\/script>\r\n<\/div>\t\t\t\t<\/div>\n\t\t\t\t<\/div>\n\t\t\t\t\t<\/div>\n\t\t<\/div>\n\t\t\t\t\t<\/div>\n\t\t<\/section>\n\t\t\t\t<\/div>\n\t\t","protected":false},"excerpt":{"rendered":"<p>Contactez-nous Comment pouvons-nous vous aider\u00a0? Nous vous contacterons dans les plus brefs d\u00e9lais. Adresse de notre si\u00e8ge social Avenue Louise 2511050, Bruxelles, Belgique Envoyez-nous un e-mail E-mail\u00a0: hello@urbantz.com<\/p>\n","protected":false},"author":1,"featured_media":0,"parent":0,"menu_order":0,"comment_status":"closed","ping_status":"closed","template":"elementor_header_footer","meta":{"_acf_changed":false,"footnotes":""},"class_list":["post-16189","page","type-page","status-publish","hentry","no-post-thumbnail"],"acf":[],"aioseo_notices":[],"_links":{"self":[{"href":"https:\/\/urbantz.com\/fr\/wp-json\/wp\/v2\/pages\/16189","targetHints":{"allow":["GET"]}}],"collection":[{"href":"https:\/\/urbantz.com\/fr\/wp-json\/wp\/v2\/pages"}],"about":[{"href":"https:\/\/urbantz.com\/fr\/wp-json\/wp\/v2\/types\/page"}],"author":[{"embeddable":true,"href":"https:\/\/urbantz.com\/fr\/wp-json\/wp\/v2\/users\/1"}],"replies":[{"embeddable":true,"href":"https:\/\/urbantz.com\/fr\/wp-json\/wp\/v2\/comments?post=16189"}],"version-history":[{"count":0,"href":"https:\/\/urbantz.com\/fr\/wp-json\/wp\/v2\/pages\/16189\/revisions"}],"wp:attachment":[{"href":"https:\/\/urbantz.com\/fr\/wp-json\/wp\/v2\/media?parent=16189"}],"curies":[{"name":"wp","href":"https:\/\/api.w.org\/{rel}","templated":true}]}}